{"id":1897,"date":"2019-07-19T12:01:20","date_gmt":"2019-07-19T12:01:20","guid":{"rendered":"https:\/\/imcestari.com\/?page_id=1897"},"modified":"2019-07-19T12:01:20","modified_gmt":"2019-07-19T12:01:20","slug":"tolva-cestari-eco-friendly","status":"publish","type":"page","link":"https:\/\/imcestari.com\/2023\/tolva-cestari-eco-friendly\/","title":{"rendered":"Tolva Cestari Eco \u2013 Friendly"},"content":{"rendered":"<div class=\"wpb-content-wrapper\"><p>[vc_row css=\u00bb.vc_custom_1509800556853{background-color: #f4f4f4 !important;}\u00bb][vc_column width=\u00bb1\/3&#8243;][\/vc_column][vc_column width=\u00bb1\/3&#8243;][\/vc_column][vc_column width=\u00bb1\/3&#8243;]<ul class=\"nm-social-profiles icon-size-medium align-right\"><li><a href=\"https:\/\/www.facebook.com\/CestariTolvas\/\" target=\"_blank\" title=\"Facebook\" class=\"dark\" rel=\"nofollow\"><i class=\"nm-font nm-font-nm-font nm-font-facebook\"><\/i><\/a><\/li><li><a href=\"https:\/\/www.instagram.com\/cestaritolvas\/?hl=es\" target=\"_blank\" title=\"Instagram\" class=\"dark\" rel=\"nofollow\"><i class=\"nm-font nm-font-nm-font nm-font-instagram-filled\"><\/i><\/a><\/li><li><a href=\"https:\/\/twitter.com\/CestariTolvas\" target=\"_blank\" title=\"X \/ Twitter\" class=\"dark\" rel=\"nofollow\"><i class=\"nm-font nm-font-nm-font nm-font-x-twitter\"><\/i><\/a><\/li><li><a href=\"https:\/\/www.youtube.com\/channel\/UCmFno2i2CyMet-1fejBKwKA\" target=\"_blank\" title=\"YouTube\" class=\"dark\" rel=\"nofollow\"><i class=\"nm-font nm-font-nm-font nm-font-youtube\"><\/i><\/a><\/li><\/ul>[\/vc_column][\/vc_row][vc_row type=\u00bbfull-nopad\u00bb][vc_column][vc_column_text]<img loading=\"lazy\" decoding=\"async\" class=\"aligncenter size-full wp-image-2521\" src=\"https:\/\/imcestari.com\/2023\/wp-content\/uploads\/2020\/06\/Cestari-autodescargable-serie-S6-43000-L-pintura-al-agua-Tolva-Eco-Friendly-banner-2.jpg\" alt=\"\" width=\"1920\" height=\"647\" srcset=\"https:\/\/imcestari.com\/2023\/wp-content\/uploads\/2020\/06\/Cestari-autodescargable-serie-S6-43000-L-pintura-al-agua-Tolva-Eco-Friendly-banner-2.jpg 1920w, https:\/\/imcestari.com\/2023\/wp-content\/uploads\/2020\/06\/Cestari-autodescargable-serie-S6-43000-L-pintura-al-agua-Tolva-Eco-Friendly-banner-2-300x101.jpg 300w, https:\/\/imcestari.com\/2023\/wp-content\/uploads\/2020\/06\/Cestari-autodescargable-serie-S6-43000-L-pintura-al-agua-Tolva-Eco-Friendly-banner-2-1024x345.jpg 1024w, https:\/\/imcestari.com\/2023\/wp-content\/uploads\/2020\/06\/Cestari-autodescargable-serie-S6-43000-L-pintura-al-agua-Tolva-Eco-Friendly-banner-2-768x259.jpg 768w, https:\/\/imcestari.com\/2023\/wp-content\/uploads\/2020\/06\/Cestari-autodescargable-serie-S6-43000-L-pintura-al-agua-Tolva-Eco-Friendly-banner-2-1536x518.jpg 1536w\" sizes=\"auto, (max-width: 1920px) 100vw, 1920px\" \/>[\/vc_column_text][\/vc_column][\/vc_row][vc_row max_width=\u00bb1400&#8243;][vc_column][vc_empty_space height=\u00bb45px\u00bb][vc_empty_space height=\u00bb45px\u00bb][vc_column_text]<\/p>\n<h1><strong>Tolva Cestari Eco \u2013 Friendly<\/strong><\/h1>\n<p>[\/vc_column_text][vc_empty_space height=\u00bb30px\u00bb][vc_separator accent_color=\u00bb#dd3333&#8243;][vc_empty_space height=\u00bb45px\u00bb][\/vc_column][\/vc_row][vc_row type=\u00bbboxed\u00bb max_width=\u00bb1400&#8243; content_placement=\u00bbtop\u00bb][vc_column width=\u00bb1\/2&#8243;][vc_column_text]<strong>La Tolva Cestari Eco &#8211; Friendly<\/strong> es la primera maquinaria argentina pintada con pintura base agua y es el resultado de un desarrollo conjunto de la empresa con <strong>Sherwin Williams,<\/strong> implementado a trav\u00e9s de <strong>MC Pinturas.<\/strong><\/p>\n<p>La tolva es pintada con esmalte poliuretano base agua, que presenta grandes diferencias con el esmalte base solvente y tiene m\u00faltiples ventajas para nuestros usuarios.<\/p>\n<p>Este desarrollo representa una elevaci\u00f3n de los est\u00e1ndares nacionales y un compromiso creciente con le norma verde (ISO 14.001).[\/vc_column_text][vc_empty_space height=\u00bb45px\u00bb][vc_column_text]<strong><em>Consulta por la opci\u00f3n de sumar esta tecnolog\u00eda a la tolva Cestari que vos elijas.<\/em><\/strong>[\/vc_column_text][vc_empty_space height=\u00bb45px\u00bb][\/vc_column][vc_column width=\u00bb1\/2&#8243;][vc_video link=\u00bbhttps:\/\/www.youtube.com\/watch?v=J1RxcAAECiU&amp;list=PLXTvFX-X1ANHVNstjIgiptL0iM_3qpMwC\u00bb][vc_empty_space height=\u00bb45px\u00bb][\/vc_column][\/vc_row][vc_row max_width=\u00bb1400&#8243;][vc_column][vc_empty_space height=\u00bb45px\u00bb][\/vc_column][\/vc_row][vc_row max_width=\u00bb1400&#8243;][vc_column width=\u00bb1\/4&#8243;][vc_empty_space height=\u00bb45px\u00bb][vc_column_text]<img loading=\"lazy\" decoding=\"async\" class=\"aligncenter size-full wp-image-1900\" src=\"https:\/\/imcestari.com\/2023\/wp-content\/uploads\/2019\/07\/eficiencia.jpg\" alt=\"\" width=\"216\" height=\"119\" \/>[\/vc_column_text][vc_empty_space height=\u00bb25px\u00bb][vc_separator accent_color=\u00bb#dbdbdb\u00bb][vc_empty_space height=\u00bb25px\u00bb][vc_column_text]Con este procedimiento se logra obtener una tolva de alta calidad, que incorpora la \u00faltima tecnolog\u00eda en el sistema de pintura.[\/vc_column_text][\/vc_column][vc_column width=\u00bb1\/4&#8243;][vc_empty_space height=\u00bb45px\u00bb][vc_column_text]<img loading=\"lazy\" decoding=\"async\" class=\"aligncenter size-full wp-image-1899\" src=\"https:\/\/imcestari.com\/2023\/wp-content\/uploads\/2019\/07\/compromiso-con-el-medio-ambiente.jpg\" alt=\"\" width=\"216\" height=\"119\" \/>[\/vc_column_text][vc_empty_space height=\u00bb25px\u00bb][vc_separator accent_color=\u00bb#dbdbdb\u00bb][vc_empty_space height=\u00bb25px\u00bb][vc_column_text]La sustituci\u00f3n de disolventes por agua ha reducido considerablemente las emisiones nocivas al medio ambiente. Esta innovaci\u00f3n sienta las bases para una producci\u00f3n m\u00e1s eficiente, amigable con el medio ambiente en el rubro de la maquinaria agr\u00edcola.[\/vc_column_text][\/vc_column][vc_column width=\u00bb1\/4&#8243;][vc_empty_space height=\u00bb45px\u00bb][vc_column_text]<img loading=\"lazy\" decoding=\"async\" class=\"aligncenter size-full wp-image-1902\" src=\"https:\/\/imcestari.com\/2023\/wp-content\/uploads\/2019\/07\/seguridad-laboral.jpg\" alt=\"\" width=\"216\" height=\"119\" \/>[\/vc_column_text][vc_empty_space height=\u00bb25px\u00bb][vc_separator accent_color=\u00bb#dbdbdb\u00bb][vc_empty_space height=\u00bb25px\u00bb][vc_column_text]Con este esquema de pintura se utilizan menos recursos, sin diluyente y una sola mano de fondo y de esmalte. Notable aceleraci\u00f3n en el proceso de producci\u00f3n.[\/vc_column_text][\/vc_column][vc_column width=\u00bb1\/4&#8243;][vc_empty_space height=\u00bb45px\u00bb][vc_column_text]<img loading=\"lazy\" decoding=\"async\" class=\"aligncenter size-full wp-image-1901\" src=\"https:\/\/imcestari.com\/2023\/wp-content\/uploads\/2019\/07\/calidad.jpg\" alt=\"\" width=\"216\" height=\"119\" \/>[\/vc_column_text][vc_empty_space height=\u00bb25px\u00bb][vc_separator accent_color=\u00bb#dbdbdb\u00bb][vc_empty_space height=\u00bb25px\u00bb][vc_column_text]La utilizaci\u00f3n de este tipo de pintura implica una mayor seguridad para los operarios: menor tiempo de exposici\u00f3n a solventes, menor riesgo de intoxicaci\u00f3n y de incendio, menor riesgo de accidentes por electroest\u00e1tica y reducci\u00f3n en la emisi\u00f3n de contaminantes atmosf\u00e9ricos.[\/vc_column_text][\/vc_column][\/vc_row][vc_row type=\u00bbboxed\u00bb max_width=\u00bb1400&#8243;][vc_column][vc_empty_space height=\u00bb45px\u00bb][vc_empty_space height=\u00bb45px\u00bb][vc_empty_space height=\u00bb45px\u00bb][vc_separator title=\u00bbDESCARGAS\u00bb title_size=\u00bbmedium\u00bb accent_color=\u00bb#dddddd\u00bb][\/vc_column][\/vc_row][vc_row type=\u00bbboxed\u00bb max_width=\u00bb1400&#8243;][vc_column][vc_empty_space height=\u00bb45px\u00bb][vc_empty_space height=\u00bb45px\u00bb][vc_empty_space height=\u00bb45px\u00bb][\/vc_column][\/vc_row][vc_row type=\u00bbboxed\u00bb max_width=\u00bb1400&#8243;][vc_column width=\u00bb1\/6&#8243;]\r\n\t\t\t<div class=\"nm_btn_align_center\">\r\n\t\t\t\t<a href=\"\/downloads\/Tolva-Cestari-Eco-Friendly.pdf\" class=\"nm_btn nm_btn_sm nm_btn_border\"target=\"_blank\" style=\"color:#dd3333;\">\r\n\t\t\t\t\t<span class=\"nm_btn_title\">Tolva Cestari Eco\u2013Friendly<\/span>\r\n\t\t\t\t\t<span class=\"nm_btn_bg\"><\/span>\r\n\t\t\t\t<\/a>\r\n\t\t\t<\/div>[\/vc_column][vc_column width=\u00bb1\/6&#8243;][\/vc_column][vc_column width=\u00bb1\/6&#8243;][\/vc_column][vc_column width=\u00bb1\/6&#8243;][\/vc_column][vc_column width=\u00bb1\/6&#8243;][\/vc_column][vc_column width=\u00bb1\/6&#8243;][\/vc_column][\/vc_row][vc_row type=\u00bbboxed\u00bb max_width=\u00bb1400&#8243;][vc_column][vc_empty_space height=\u00bb45px\u00bb][vc_empty_space height=\u00bb45px\u00bb][vc_empty_space height=\u00bb45px\u00bb][\/vc_column][\/vc_row][vc_row css=\u00bb.vc_custom_1509800556853{background-color: #f4f4f4 !important;}\u00bb][vc_column width=\u00bb1\/3&#8243;][\/vc_column][vc_column width=\u00bb1\/3&#8243;][\/vc_column][vc_column width=\u00bb1\/3&#8243;]<ul class=\"nm-social-profiles icon-size-medium align-right\"><li><a href=\"https:\/\/www.facebook.com\/CestariTolvas\/\" target=\"_blank\" title=\"Facebook\" class=\"dark\" rel=\"nofollow\"><i class=\"nm-font nm-font-nm-font nm-font-facebook\"><\/i><\/a><\/li><li><a href=\"https:\/\/www.instagram.com\/cestaritolvas\/?hl=es\" target=\"_blank\" title=\"Instagram\" class=\"dark\" rel=\"nofollow\"><i class=\"nm-font nm-font-nm-font nm-font-instagram-filled\"><\/i><\/a><\/li><li><a href=\"https:\/\/twitter.com\/CestariTolvas\" target=\"_blank\" title=\"X \/ Twitter\" class=\"dark\" rel=\"nofollow\"><i class=\"nm-font nm-font-nm-font nm-font-x-twitter\"><\/i><\/a><\/li><li><a href=\"https:\/\/www.youtube.com\/channel\/UCmFno2i2CyMet-1fejBKwKA\" target=\"_blank\" title=\"YouTube\" class=\"dark\" rel=\"nofollow\"><i class=\"nm-font nm-font-nm-font nm-font-youtube\"><\/i><\/a><\/li><\/ul>[\/vc_column][\/vc_row]<\/p>\n<\/div>","protected":false},"excerpt":{"rendered":"<p>[vc_row css=\u00bb.vc_custom_1509800556853{background-color: #f4f4f4 !important;}\u00bb][vc_column width=\u00bb1\/3&#8243;][\/vc_column][vc_column width=\u00bb1\/3&#8243;][\/vc_column][vc_column width=\u00bb1\/3&#8243;][\/vc_column][\/vc_row][vc_row type=\u00bbfull-nopad\u00bb][vc_column][vc_column_text][\/vc_column_text][\/vc_column][\/vc_row][vc_row max_width=\u00bb1400&#8243;][vc_column][vc_empty_space height=\u00bb45px\u00bb][vc_empty_space height=\u00bb45px\u00bb][vc_column_text] Tolva Cestari Eco \u2013 Friendly [\/vc_column_text][vc_empty_space height=\u00bb30px\u00bb][vc_separator accent_color=\u00bb#dd3333&#8243;][vc_empty_space height=\u00bb45px\u00bb][\/vc_column][\/vc_row][vc_row type=\u00bbboxed\u00bb max_width=\u00bb1400&#8243; content_placement=\u00bbtop\u00bb][vc_column width=\u00bb1\/2&#8243;][vc_column_text]La Tolva Cestari Eco &#8211; Friendly es la primera maquinaria argentina pintada con pintura base agua y es el resultado de un desarrollo conjunto de la empresa con Sherwin Williams, implementado a &hellip;<\/p>\n","protected":false},"author":2,"featured_media":0,"parent":0,"menu_order":0,"comment_status":"closed","ping_status":"closed","template":"","meta":{"footnotes":""},"class_list":["post-1897","page","type-page","status-publish","hentry"],"_links":{"self":[{"href":"https:\/\/imcestari.com\/2023\/wp-json\/wp\/v2\/pages\/1897","targetHints":{"allow":["GET"]}}],"collection":[{"href":"https:\/\/imcestari.com\/2023\/wp-json\/wp\/v2\/pages"}],"about":[{"href":"https:\/\/imcestari.com\/2023\/wp-json\/wp\/v2\/types\/page"}],"author":[{"embeddable":true,"href":"https:\/\/imcestari.com\/2023\/wp-json\/wp\/v2\/users\/2"}],"replies":[{"embeddable":true,"href":"https:\/\/imcestari.com\/2023\/wp-json\/wp\/v2\/comments?post=1897"}],"version-history":[{"count":0,"href":"https:\/\/imcestari.com\/2023\/wp-json\/wp\/v2\/pages\/1897\/revisions"}],"wp:attachment":[{"href":"https:\/\/imcestari.com\/2023\/wp-json\/wp\/v2\/media?parent=1897"}],"curies":[{"name":"wp","href":"https:\/\/api.w.org\/{rel}","templated":true}]}}